{"id":155,"date":"2024-06-26T15:53:00","date_gmt":"2024-06-26T13:53:00","guid":{"rendered":"https:\/\/sleduju.eu\/?page_id=155"},"modified":"2024-06-26T16:14:21","modified_gmt":"2024-06-26T14:14:21","slug":"obchodni-podminky","status":"publish","type":"page","link":"https:\/\/sleduju.eu\/?page_id=155","title":{"rendered":"Obchodn\u00ed podm\u00ednky"},"content":{"rendered":"\t\t<div data-elementor-type=\"wp-page\" data-elementor-id=\"155\" class=\"elementor elementor-155\">\n\t\t\t\t\t\t<section class=\"elementor-section elementor-top-section elementor-element elementor-element-932579e elementor-section-boxed elementor-section-height-default elementor-section-height-default\" data-id=\"932579e\" data-element_type=\"section\">\n\t\t\t\t\t\t<div class=\"elementor-container elementor-column-gap-default\">\n\t\t\t\t\t<div class=\"elementor-column elementor-col-100 elementor-top-column elementor-element elementor-element-189e815\" data-id=\"189e815\" data-element_type=\"column\">\n\t\t\t<div class=\"elementor-widget-wrap elementor-element-populated\">\n\t\t\t\t\t\t<div class=\"elementor-element elementor-element-e8d5683 elementor-widget elementor-widget-text-editor\" data-id=\"e8d5683\" data-element_type=\"widget\" data-widget_type=\"text-editor.default\">\n\t\t\t\t<div class=\"elementor-widget-container\">\n\t\t\t<style>\/*! elementor - v3.22.0 - 26-06-2024 *\/\n.elementor-widget-text-editor.elementor-drop-cap-view-stacked .elementor-drop-cap{background-color:#69727d;color:#fff}.elementor-widget-text-editor.elementor-drop-cap-view-framed .elementor-drop-cap{color:#69727d;border:3px solid;background-color:transparent}.elementor-widget-text-editor:not(.elementor-drop-cap-view-default) .elementor-drop-cap{margin-top:8px}.elementor-widget-text-editor:not(.elementor-drop-cap-view-default) .elementor-drop-cap-letter{width:1em;height:1em}.elementor-widget-text-editor .elementor-drop-cap{float:left;text-align:center;line-height:1;font-size:50px}.elementor-widget-text-editor .elementor-drop-cap-letter{display:inline-block}<\/style>\t\t\t\t<p>Obchodn\u00ed podm\u00ednky pro webov\u00e9 str\u00e1nky sleduju.eu<\/p><p>1. \u00davodn\u00ed ustanoven\u00ed<br \/>1.1 Tyto obchodn\u00ed podm\u00ednky (d\u00e1le jen \u201epodm\u00ednky\u201c) upravuj\u00ed pr\u00e1va a povinnosti mezi provozovatelem webov\u00fdch str\u00e1nek sleduju.eu (d\u00e1le jen \u201eprovozovatel\u201c) a z\u00e1kazn\u00edky, kte\u0159\u00ed nakupuj\u00ed individu\u00e1ln\u00ed bal\u00ed\u010dky Content\/Copy Writingu (d\u00e1le jen \u201eslu\u017eby\u201c).<\/p><p>2. Slu\u017eby<br \/>2.1 Provozovatel nab\u00edz\u00ed n\u00e1sleduj\u00edc\u00ed slu\u017eby: psan\u00ed \u010dl\u00e1nk\u016f, tvorbu obsahu pro webov\u00e9 str\u00e1nky, SEO strategii, p\u0159\u00edsp\u011bvky na soci\u00e1ln\u00ed s\u00edt\u011b, blogov\u00fd obsah, popisy produkt\u016f, slogany a fr\u00e1ze.<br \/>2.2 Z\u00e1kazn\u00edci si mohou zakoupit p\u0159edem stanoven\u00e9 bal\u00ed\u010dky slu\u017eeb v n\u011bkolika hodnot\u00e1ch nebo si domluvit priv\u00e1tn\u00ed bal\u00ed\u010dek za konkr\u00e9tn\u00ed cenu.<\/p><p>3. Objedn\u00e1vka a uzav\u0159en\u00ed smlouvy<br \/>3.1 Objedn\u00e1vku slu\u017eeb lze prov\u00e9st prost\u0159ednictv\u00edm webov\u00fdch str\u00e1nek sleduju.eu.<br \/>3.2 Smlouva mezi provozovatelem a z\u00e1kazn\u00edkem je uzav\u0159ena okam\u017eikem potvrzen\u00ed objedn\u00e1vky provozovatelem.<br \/>3.3 Provozovatel si vyhrazuje pr\u00e1vo odm\u00edtnout objedn\u00e1vku v p\u0159\u00edpad\u011b, \u017ee nen\u00ed mo\u017en\u00e9 ji splnit.<\/p><p>4. Ceny a platby<br \/>4.1 Ceny slu\u017eeb jsou uvedeny na webov\u00fdch str\u00e1nk\u00e1ch sleduju.eu. V p\u0159\u00edpad\u011b priv\u00e1tn\u00edho bal\u00ed\u010dku bude cena dohodnuta individu\u00e1ln\u011b.<br \/>4.2 Platbu za slu\u017eby lze prov\u00e9st prost\u0159ednictv\u00edm platebn\u00ed br\u00e1ny Stripe nebo bankovn\u00edm p\u0159evodem.<br \/>4.3 Platba mus\u00ed b\u00fdt provedena p\u0159ed zah\u00e1jen\u00edm poskytov\u00e1n\u00ed slu\u017eeb.<\/p><p>5. Dodac\u00ed podm\u00ednky<br \/>5.1 Provozovatel se zavazuje poskytnout slu\u017eby v dohodnut\u00e9m term\u00ednu, kter\u00fd bude stanoven p\u0159i uzav\u0159en\u00ed smlouvy.<br \/>5.2 V p\u0159\u00edpad\u011b zpo\u017ed\u011bn\u00ed dod\u00e1vky slu\u017eeb bude z\u00e1kazn\u00edk neprodlen\u011b informov\u00e1n a bude dohodnut n\u00e1hradn\u00ed term\u00edn.<\/p><p>6. Reklamace a odstoupen\u00ed od smlouvy<br \/>6.1 Z\u00e1kazn\u00edk m\u00e1 pr\u00e1vo na reklamaci v p\u0159\u00edpad\u011b, \u017ee poskytnut\u00e9 slu\u017eby neodpov\u00eddaj\u00ed objedn\u00e1vce.<br \/>6.2 Reklamaci je nutn\u00e9 uplatnit do 14 dn\u016f od dod\u00e1n\u00ed slu\u017eeb, a to p\u00edsemn\u011b na kontaktn\u00ed e-mail provozovatele.<br \/>6.3 V p\u0159\u00edpad\u011b opr\u00e1vn\u011bn\u00e9 reklamace bude provozovatel slu\u017eby opraveny nebo zaji\u0161t\u011bny n\u00e1hradn\u00ed slu\u017eby, pop\u0159\u00edpad\u011b bude vr\u00e1cena zaplacen\u00e1 \u010d\u00e1stka.<br \/>6.4 Z\u00e1kazn\u00edk m\u00e1 pr\u00e1vo odstoupit od smlouvy do 14 dn\u016f od uzav\u0159en\u00ed smlouvy bez ud\u00e1n\u00ed d\u016fvodu. Odstoupen\u00ed mus\u00ed b\u00fdt provedeno p\u00edsemn\u011b na kontaktn\u00ed e-mail provozovatele.<\/p><p>7. Ochrana osobn\u00edch \u00fadaj\u016f<br \/>7.1 Provozovatel se zavazuje chr\u00e1nit osobn\u00ed \u00fadaje z\u00e1kazn\u00edk\u016f v souladu s platn\u00fdmi pr\u00e1vn\u00edmi p\u0159edpisy.<br \/>7.2 Osobn\u00ed \u00fadaje budou pou\u017eity pouze pro \u00fa\u010dely pln\u011bn\u00ed smlouvy a nebudou poskytnuty t\u0159et\u00edm stran\u00e1m bez souhlasu z\u00e1kazn\u00edka.<\/p><p>8. Z\u00e1v\u011bre\u010dn\u00e1 ustanoven\u00ed<br \/>8.1 Tyto obchodn\u00ed podm\u00ednky jsou platn\u00e9 a \u00fa\u010dinn\u00e9 od 2. ledna 2024.<br \/>8.2 Provozovatel si vyhrazuje pr\u00e1vo tyto podm\u00ednky kdykoliv zm\u011bnit. Zm\u011bny budou zve\u0159ejn\u011bny na webov\u00fdch str\u00e1nk\u00e1ch sleduju.eu.<br \/>8.3 V p\u0159\u00edpad\u011b spor\u016f vznikl\u00fdch z t\u011bchto podm\u00ednek se strany zavazuj\u00ed \u0159e\u0161it je sm\u00edrnou cestou. Pokud nedojde k dohod\u011b, bude spor \u0159e\u0161en p\u0159ed p\u0159\u00edslu\u0161n\u00fdm soudem \u010cesk\u00e9 republiky.<\/p><p>Kontaktn\u00ed \u00fadaje:<br \/>Provozovatel: Tom\u00e1\u0161 P\u0159ibyl<br \/>E-mail: info@sleduju.eu <br \/>Adresa: Vajgar 591, 377 01, Jind\u0159ich\u016fv Hradec<\/p>\t\t\t\t\t\t<\/div>\n\t\t\t\t<\/div>\n\t\t\t\t\t<\/div>\n\t\t<\/div>\n\t\t\t\t\t<\/div>\n\t\t<\/section>\n\t\t\t\t<\/div>\n\t\t","protected":false},"excerpt":{"rendered":"<p>Obchodn\u00ed podm\u00ednky pro webov\u00e9 str\u00e1nky sleduju.eu 1. \u00davodn\u00ed ustanoven\u00ed1.1 Tyto obchodn\u00ed podm\u00ednky (d\u00e1le jen \u201epodm\u00ednky\u201c) upravuj\u00ed pr\u00e1va a povinnosti mezi provozovatelem webov\u00fdch str\u00e1nek sleduju.eu (d\u00e1le jen \u201eprovozovatel\u201c) a z\u00e1kazn\u00edky, kte\u0159\u00ed nakupuj\u00ed individu\u00e1ln\u00ed bal\u00ed\u010dky Content\/Copy Writingu (d\u00e1le jen \u201eslu\u017eby\u201c). 2. Slu\u017eby2.1 Provozovatel nab\u00edz\u00ed n\u00e1sleduj\u00edc\u00ed slu\u017eby: psan\u00ed \u010dl\u00e1nk\u016f, tvorbu obsahu pro webov\u00e9 str\u00e1nky, SEO strategii, p\u0159\u00edsp\u011bvky na [&hellip;]<\/p>\n","protected":false},"author":1,"featured_media":0,"parent":0,"menu_order":0,"comment_status":"closed","ping_status":"closed","template":"","meta":{"footnotes":""},"_links":{"self":[{"href":"https:\/\/sleduju.eu\/index.php?rest_route=\/wp\/v2\/pages\/155"}],"collection":[{"href":"https:\/\/sleduju.eu\/index.php?rest_route=\/wp\/v2\/pages"}],"about":[{"href":"https:\/\/sleduju.eu\/index.php?rest_route=\/wp\/v2\/types\/page"}],"author":[{"embeddable":true,"href":"https:\/\/sleduju.eu\/index.php?rest_route=\/wp\/v2\/users\/1"}],"replies":[{"embeddable":true,"href":"https:\/\/sleduju.eu\/index.php?rest_route=%2Fwp%2Fv2%2Fcomments&post=155"}],"version-history":[{"count":16,"href":"https:\/\/sleduju.eu\/index.php?rest_route=\/wp\/v2\/pages\/155\/revisions"}],"predecessor-version":[{"id":177,"href":"https:\/\/sleduju.eu\/index.php?rest_route=\/wp\/v2\/pages\/155\/revisions\/177"}],"wp:attachment":[{"href":"https:\/\/sleduju.eu\/index.php?rest_route=%2Fwp%2Fv2%2Fmedia&parent=155"}],"curies":[{"name":"wp","href":"https:\/\/api.w.org\/{rel}","templated":true}]}}